{"id":9,"date":"2019-10-29T10:04:28","date_gmt":"2019-10-29T10:04:28","guid":{"rendered":"https:\/\/demo.casethemes.net\/consultio-insurance\/?page_id=9"},"modified":"2025-07-15T16:15:42","modified_gmt":"2025-07-15T16:15:42","slug":"home","status":"publish","type":"page","link":"https:\/\/technosuaritma.com\/","title":{"rendered":"Anasayfa"},"content":{"rendered":"\t\t<div data-elementor-type=\"wp-page\" data-elementor-id=\"9\" class=\"elementor elementor-9\">\n\t\t\t\t        <section class=\"elementor-section elementor-top-section elementor-element elementor-element-046a286 elementor-section-stretched elementor-section-full_width elementor-section-height-default elementor-section-height-default ct-header-fixed-none ct-row-max-none\" data-id=\"046a286\" data-element_type=\"section\" data-settings=\"{&quot;stretch_section&quot;:&quot;section-stretched&quot;}\">\n            \n                        <div class=\"elementor-container elementor-column-gap-no \">\n                    <div class=\"elementor-column elementor-col-100 elementor-top-column elementor-element elementor-element-efc9cf5\" data-id=\"efc9cf5\" data-element_type=\"column\">\n        <div class=\"elementor-widget-wrap elementor-element-populated\">\n                    \n        \t\t<div class=\"elementor-element elementor-element-16d97ee elementor-widget elementor-widget-slider_revolution\" data-id=\"16d97ee\" data-element_type=\"widget\" data-widget_type=\"slider_revolution.default\">\n\t\t\t\t\t\n\t\t<div class=\"wp-block-themepunch-revslider\">\n\t\t\t\t<p class=\"rs-p-wp-fix\"><\/p>\n\t\t\t\t<sr7-module data-alias=\"slider-1\" data-id=\"1\" id=\"SR7_1_1\" class=\"rs-ov-hidden\" data-version=\"6.7.34\">\n\t\t\t\t\t<sr7-adjuster><\/sr7-adjuster>\n\t\t\t\t\t<sr7-content>\n\t\t\t\t\t\t<sr7-slide id=\"SR7_1_1-1\" data-key=\"1\">\n\t\t\t\t\t\t\t<sr7-bg id=\"SR7_1_1-1-6\" class=\"sr7-layer\"><noscript><img decoding=\"async\" src=\"https:\/\/technosuaritma.com\/wp-content\/uploads\/2025\/07\/ujss.png\" alt=\"\" title=\"ujss\"><\/noscript><\/sr7-bg>\n\t\t\t\t\t\t\t<sr7-txt id=\"SR7_1_1-1-1\" class=\"sr7-layer\">Her Damlas\u0131 G\u00fcven<br \/>\nHer Yudumu Sa\u011fl\u0131k!<\/sr7-txt>\n\t\t\t\t\t\t\t<sr7-txt id=\"SR7_1_1-1-5\" class=\"sr7-layer\">Su ar\u0131tma teknolojilerinde lider marka olarak T\u00fcrkiye genelinde g\u00fcvenilir, s\u00fcrd\u00fcr\u00fclebilir ve yenilik\u00e7i \u00e7\u00f6z\u00fcmler sunmak; her evde temiz ve sa\u011fl\u0131kl\u0131 su kullan\u0131m\u0131n\u0131 standart hale getirmek.<br \/>\n<br \/>\n<\/sr7-txt>\n\t\t\t\t\t\t<\/sr7-slide>\n\t\t\t\t\t\t<sr7-slide id=\"SR7_1_1-3\" data-key=\"3\">\n\t\t\t\t\t\t<\/sr7-slide>\n\t\t\t\t\t<\/sr7-content>\n\t\t\t\t\t<image_lists style=\"display:none\">\n\t\t\t\t\t\t<img data-src=\"\/\/technosuaritma.com\/wp-content\/uploads\/2025\/07\/ujss.png\" data-libid=\"4360\" data-lib=\"medialibrary\" title=\"ujss\" width=\"0\" height=\"0\" data-dbsrc=\"Ly90ZWNobm9zdWFyaXRtYS5jb20vd3AtY29udGVudC91cGxvYWRzLzIwMjUvMDcvdWpzcy5wbmc=\"\/>\n\t\t\t\t\t<\/image_lists>\n\t\t\t\t<\/sr7-module>\n\t\t\t\t<script>\n\t\t\t\t\tSR7.PMH ??={}; SR7.PMH[\"SR7_1_1\"] = {cn:100,state:false,fn: function() { if (_tpt!==undefined && _tpt.prepareModuleHeight !== undefined) {  _tpt.prepareModuleHeight({id:\"SR7_1_1\",el:[660,660,656,560,480],type:'standard',shdw:'0',gh:[660,660,660,560,480],gw:[1230,1230,1024,778,480],vpt:['-100px&#039;,&#039;-100px&#039;,&#039;-100px&#039;,&#039;-100px&#039;,&#039;-100px'],size:{fullWidth:true, fullHeight:false},mh:'0',onh:0,onw:0,bg:{color:'{\"orig\":\"transparent\",\"type\":\"solid\",\"string\":\"transparent\"}'},plType:'0',plColor:'#FFFFFF'});   SR7.PMH[\"SR7_1_1\"].state=true;} else if(SR7.PMH[\"SR7_1_1\"].cn-->0)\tsetTimeout( SR7.PMH[\"SR7_1_1\"].fn,19);}};SR7.PMH[\"SR7_1_1\" ].fn();\n\t\t\t\t<\/script>\n<\/div>\n\n\t\t\t\t\t\t<\/div>\n\t\t            <\/div>\n        <\/div>\n                    <\/div>\n        <\/section>\n        <div class=\"elementor-element elementor-element-2a6b570 e-flex e-con-boxed e-con e-parent\" data-id=\"2a6b570\" data-element_type=\"container\">\n\t\t\t\t\t<div class=\"e-con-inner\">\n\t\t<div class=\"elementor-element elementor-element-52bcc77 e-con-full e-flex e-con e-child\" data-id=\"52bcc77\" data-element_type=\"container\">\n\t\t\t\t<div class=\"elementor-element elementor-element-321a363 elementor-widget elementor-widget-heading\" data-id=\"321a363\" data-element_type=\"widget\" data-widget_type=\"heading.default\">\n\t\t\t\t\t<h5 class=\"elementor-heading-title elementor-size-default\">\u00dcst\u00fcn Filtrasyon Kalitesi<\/h5>\t\t\t\t<\/div>\n\t\t\t\t<div class=\"elementor-element elementor-element-ede17c7 elementor-widget elementor-widget-text-editor\" data-id=\"ede17c7\" data-element_type=\"widget\" data-widget_type=\"text-editor.default\">\n\t\t\t\t\t\t\t\t\t<p>5 a\u015famal\u0131 geli\u015fmi\u015f filtrasyon ile %99.9 saf ve lezzetli i\u00e7me suyu. Techno Su Aritma<\/p>\t\t\t\t\t\t\t\t<\/div>\n\t\t\t\t<\/div>\n\t\t<div class=\"elementor-element elementor-element-75395a1 e-con-full e-flex e-con e-child\" data-id=\"75395a1\" data-element_type=\"container\">\n\t\t\t\t<div class=\"elementor-element elementor-element-843f7af elementor-widget elementor-widget-heading\" data-id=\"843f7af\" data-element_type=\"widget\" data-widget_type=\"heading.default\">\n\t\t\t\t\t<h5 class=\"elementor-heading-title elementor-size-default\">Y\u00fcksek Teknoloji Cihazlar\n<\/h5>\t\t\t\t<\/div>\n\t\t\t\t<div class=\"elementor-element elementor-element-44c9b4d elementor-widget elementor-widget-text-editor\" data-id=\"44c9b4d\" data-element_type=\"widget\" data-widget_type=\"text-editor.default\">\n\t\t\t\t\t\t\t\t\t<p>Modern tasar\u0131ml\u0131, enerji dostu ve sessiz \u00e7al\u0131\u015fan cihazlar. Techno Su Aritma<\/p>\t\t\t\t\t\t\t\t<\/div>\n\t\t\t\t<\/div>\n\t\t<div class=\"elementor-element elementor-element-2f5e201 e-con-full e-flex e-con e-child\" data-id=\"2f5e201\" data-element_type=\"container\">\n\t\t\t\t<div class=\"elementor-element elementor-element-5ceb112 elementor-widget elementor-widget-heading\" data-id=\"5ceb112\" data-element_type=\"widget\" data-widget_type=\"heading.default\">\n\t\t\t\t\t<h5 class=\"elementor-heading-title elementor-size-default\">H\u0131zl\u0131 ve \u00dccretsiz Kurulum\n<\/h5>\t\t\t\t<\/div>\n\t\t\t\t<div class=\"elementor-element elementor-element-5edf539 elementor-widget elementor-widget-text-editor\" data-id=\"5edf539\" data-element_type=\"widget\" data-widget_type=\"text-editor.default\">\n\t\t\t\t\t\t\t\t\t<p>Mersin i\u00e7i ayn\u0131 g\u00fcn \u00fccretsiz teslimat ve kurulum imk\u00e2n\u0131. Techno Su Aritma<\/p>\t\t\t\t\t\t\t\t<\/div>\n\t\t\t\t<\/div>\n\t\t\t\t\t<\/div>\n\t\t\t\t<\/div>\n\t\t<div class=\"elementor-element elementor-element-e132eec e-flex e-con-boxed e-con e-parent\" data-id=\"e132eec\" data-element_type=\"container\">\n\t\t\t\t\t<div class=\"e-con-inner\">\n\t\t\t\t<div class=\"elementor-element elementor-element-ca08d40 elementor-widget elementor-widget-ct_button\" data-id=\"ca08d40\" data-element_type=\"widget\" data-widget_type=\"ct_button.default\">\n\t\t\t\t<div class=\"elementor-widget-container\">\n\t\t\t\t\t<div id=\"ct_button-ca08d40\" class=\"ct-button-wrapper ct-button-layout1 icon- btn--inline \">\r\n    <div class=\"ct-inline-css\"  data-css=\"\r\n        \">\r\n    <\/div>\r\n            <span class=\"ct-icon-active\"><\/span>\r\n        <a href=\"#\" class=\"btn btn-default icon-active btn-block  \" data-wow-delay=\"ms\">\r\n                            <span class=\"ct-button-icon ct-align-icon-\">\r\n                            <\/span>\r\n                <span class=\"ct-button-text\">T\u00fcm \u00dcr\u00fcnlerimiz<\/span>\r\n    <\/a>\r\n<\/div>\t\t\t\t<\/div>\n\t\t\t\t<\/div>\n\t\t\t\t\t<\/div>\n\t\t\t\t<\/div>\n\t\t<div class=\"elementor-element elementor-element-89a9db8 e-flex e-con-boxed e-con e-parent\" data-id=\"89a9db8\" data-element_type=\"container\">\n\t\t\t\t\t<div class=\"e-con-inner\">\n\t\t\t\t<div class=\"elementor-element elementor-element-82ac60d elementor-widget elementor-widget-text-editor\" data-id=\"82ac60d\" data-element_type=\"widget\" data-widget_type=\"text-editor.default\">\n\t\t\t\t\t\t\t\t\t<p data-start=\"931\" data-end=\"1183\">M\u00fc\u015fterilerimize en kaliteli su ar\u0131tma sistemlerini en uygun ko\u015fullarda sunmak, sat\u0131\u015f sonras\u0131 teknik destek ve memnuniyet odakl\u0131 hizmet anlay\u0131\u015f\u0131m\u0131zla uzun soluklu \u00e7\u00f6z\u00fcmler \u00fcretmek. Do\u011fay\u0131 koruyan, enerji dostu sistemlerle sa\u011fl\u0131kl\u0131 gelecekler in\u015fa etmek.<\/p>\t\t\t\t\t\t\t\t<\/div>\n\t\t\t\t\t<\/div>\n\t\t\t\t<\/div>\n\t\t<div class=\"elementor-element elementor-element-3628ae2 e-con-full e-flex e-con e-parent\" data-id=\"3628ae2\" data-element_type=\"container\">\n\t\t<div class=\"elementor-element elementor-element-e24351b e-con-full e-grid e-con e-child\" data-id=\"e24351b\" data-element_type=\"container\">\n\t\t\t\t<div class=\"elementor-element elementor-element-b9ef1d6 elementor-widget elementor-widget-image\" data-id=\"b9ef1d6\" data-element_type=\"widget\" data-widget_type=\"image.default\">\n\t\t\t\t\t\t\t\t\t\t\t\t<figure class=\"wp-caption\">\n\t\t\t\t\t\t\t\t\t\t\t<a href=\"https:\/\/technosuaritma.com\/?page_id=129\">\n\t\t\t\t\t\t\t<img fetchpriority=\"high\" decoding=\"async\" width=\"600\" height=\"600\" src=\"https:\/\/technosuaritma.com\/wp-content\/uploads\/2025\/07\/aquabir-direk-akis-su-aritma-cihazi-768x768-1-600x600-1.webp\" class=\"attachment-large size-large wp-image-4384\" alt=\"\" srcset=\"https:\/\/technosuaritma.com\/wp-content\/uploads\/2025\/07\/aquabir-direk-akis-su-aritma-cihazi-768x768-1-600x600-1.webp 600w, https:\/\/technosuaritma.com\/wp-content\/uploads\/2025\/07\/aquabir-direk-akis-su-aritma-cihazi-768x768-1-600x600-1-300x300.webp 300w, https:\/\/technosuaritma.com\/wp-content\/uploads\/2025\/07\/aquabir-direk-akis-su-aritma-cihazi-768x768-1-600x600-1-150x150.webp 150w\" sizes=\"(max-width: 600px) 100vw, 600px\" \/>\t\t\t\t\t\t\t\t<\/a>\n\t\t\t\t\t\t\t\t\t\t\t<figcaption class=\"widget-image-caption wp-caption-text\">\u0130\u015f Yeriniz \u0130\u00e7in<\/figcaption>\n\t\t\t\t\t\t\t\t\t\t<\/figure>\n\t\t\t\t\t\t\t\t\t<\/div>\n\t\t\t\t<div class=\"elementor-element elementor-element-07bfa4a elementor-widget elementor-widget-image\" data-id=\"07bfa4a\" data-element_type=\"widget\" data-widget_type=\"image.default\">\n\t\t\t\t\t\t\t\t\t\t\t\t<figure class=\"wp-caption\">\n\t\t\t\t\t\t\t\t\t\t\t<a href=\"https:\/\/technosuaritma.com\/?page_id=4512\">\n\t\t\t\t\t\t\t<img decoding=\"async\" width=\"640\" height=\"640\" src=\"https:\/\/technosuaritma.com\/wp-content\/uploads\/2025\/07\/skdshkd.png\" class=\"attachment-large size-large wp-image-4524\" alt=\"\" srcset=\"https:\/\/technosuaritma.com\/wp-content\/uploads\/2025\/07\/skdshkd.png 900w, https:\/\/technosuaritma.com\/wp-content\/uploads\/2025\/07\/skdshkd-300x300.png 300w, https:\/\/technosuaritma.com\/wp-content\/uploads\/2025\/07\/skdshkd-150x150.png 150w, https:\/\/technosuaritma.com\/wp-content\/uploads\/2025\/07\/skdshkd-768x768.png 768w, https:\/\/technosuaritma.com\/wp-content\/uploads\/2025\/07\/skdshkd-600x600.png 600w\" sizes=\"(max-width: 640px) 100vw, 640px\" \/>\t\t\t\t\t\t\t\t<\/a>\n\t\t\t\t\t\t\t\t\t\t\t<figcaption class=\"widget-image-caption wp-caption-text\">Eviniz \u0130\u00e7in<\/figcaption>\n\t\t\t\t\t\t\t\t\t\t<\/figure>\n\t\t\t\t\t\t\t\t\t<\/div>\n\t\t\t\t<\/div>\n\t\t<div class=\"elementor-element elementor-element-094693b e-con-full e-grid e-con e-child\" data-id=\"094693b\" data-element_type=\"container\">\n\t\t\t\t<div class=\"elementor-element elementor-element-88cdc2f elementor-widget elementor-widget-image\" data-id=\"88cdc2f\" data-element_type=\"widget\" data-widget_type=\"image.default\">\n\t\t\t\t\t\t\t\t\t\t\t\t<figure class=\"wp-caption\">\n\t\t\t\t\t\t\t\t\t\t\t<a href=\"https:\/\/technosuaritma.com\/?page_id=4545\">\n\t\t\t\t\t\t\t<img loading=\"lazy\" decoding=\"async\" width=\"375\" height=\"375\" src=\"https:\/\/technosuaritma.com\/wp-content\/uploads\/2025\/07\/10622103748658.webp\" class=\"attachment-large size-large wp-image-4402\" alt=\"\" srcset=\"https:\/\/technosuaritma.com\/wp-content\/uploads\/2025\/07\/10622103748658.webp 375w, https:\/\/technosuaritma.com\/wp-content\/uploads\/2025\/07\/10622103748658-300x300.webp 300w, https:\/\/technosuaritma.com\/wp-content\/uploads\/2025\/07\/10622103748658-150x150.webp 150w\" sizes=\"(max-width: 375px) 100vw, 375px\" \/>\t\t\t\t\t\t\t\t<\/a>\n\t\t\t\t\t\t\t\t\t\t\t<figcaption class=\"widget-image-caption wp-caption-text\">Musluk<\/figcaption>\n\t\t\t\t\t\t\t\t\t\t<\/figure>\n\t\t\t\t\t\t\t\t\t<\/div>\n\t\t\t\t<div class=\"elementor-element elementor-element-87a9c02 elementor-widget elementor-widget-image\" data-id=\"87a9c02\" data-element_type=\"widget\" data-widget_type=\"image.default\">\n\t\t\t\t\t\t\t\t\t\t\t\t<figure class=\"wp-caption\">\n\t\t\t\t\t\t\t\t\t\t\t<a href=\"https:\/\/technosuaritma.com\/?page_id=4556\">\n\t\t\t\t\t\t\t<img loading=\"lazy\" decoding=\"async\" width=\"600\" height=\"600\" src=\"https:\/\/technosuaritma.com\/wp-content\/uploads\/2025\/07\/filtreler.png\" class=\"attachment-large size-large wp-image-4404\" alt=\"\" srcset=\"https:\/\/technosuaritma.com\/wp-content\/uploads\/2025\/07\/filtreler.png 600w, https:\/\/technosuaritma.com\/wp-content\/uploads\/2025\/07\/filtreler-300x300.png 300w, https:\/\/technosuaritma.com\/wp-content\/uploads\/2025\/07\/filtreler-150x150.png 150w\" sizes=\"(max-width: 600px) 100vw, 600px\" \/>\t\t\t\t\t\t\t\t<\/a>\n\t\t\t\t\t\t\t\t\t\t\t<figcaption class=\"widget-image-caption wp-caption-text\">Filtreler<\/figcaption>\n\t\t\t\t\t\t\t\t\t\t<\/figure>\n\t\t\t\t\t\t\t\t\t<\/div>\n\t\t\t\t<\/div>\n\t\t\t\t<\/div>\n\t\t<div class=\"elementor-element elementor-element-a986ddd e-flex e-con-boxed e-con e-parent\" data-id=\"a986ddd\" data-element_type=\"container\">\n\t\t\t\t\t<div class=\"e-con-inner\">\n\t\t\t\t<div class=\"elementor-element elementor-element-1011d7a elementor-widget elementor-widget-image\" data-id=\"1011d7a\" data-element_type=\"widget\" data-widget_type=\"image.default\">\n\t\t\t\t\t\t\t\t\t\t\t\t\t\t\t<img loading=\"lazy\" decoding=\"async\" width=\"1000\" height=\"215\" src=\"https:\/\/technosuaritma.com\/wp-content\/uploads\/2025\/07\/a938b15c4d.jpg\" class=\"attachment-full size-full wp-image-4412\" alt=\"\" srcset=\"https:\/\/technosuaritma.com\/wp-content\/uploads\/2025\/07\/a938b15c4d.jpg 1000w, https:\/\/technosuaritma.com\/wp-content\/uploads\/2025\/07\/a938b15c4d-300x65.jpg 300w, https:\/\/technosuaritma.com\/wp-content\/uploads\/2025\/07\/a938b15c4d-768x165.jpg 768w, https:\/\/technosuaritma.com\/wp-content\/uploads\/2025\/07\/a938b15c4d-600x129.jpg 600w\" sizes=\"(max-width: 1000px) 100vw, 1000px\" \/>\t\t\t\t\t\t\t\t\t\t\t\t\t\t\t<\/div>\n\t\t\t\t\t<\/div>\n\t\t\t\t<\/div>\n\t\t<div class=\"elementor-element elementor-element-e2a3b5d e-flex e-con-boxed e-con e-parent\" data-id=\"e2a3b5d\" data-element_type=\"container\">\n\t\t\t\t\t<div class=\"e-con-inner\">\n\t\t<div class=\"elementor-element elementor-element-c33ecca e-con-full e-flex e-con e-child\" data-id=\"c33ecca\" data-element_type=\"container\">\n\t\t\t\t<div class=\"elementor-element elementor-element-731b577 elementor-widget elementor-widget-ct_heading\" data-id=\"731b577\" data-element_type=\"widget\" data-widget_type=\"ct_heading.default\">\n\t\t\t\t<div class=\"elementor-widget-container\">\n\t\t\t\t\t<div id=\"ct_heading-731b577\" class=\"ct-heading h-align- sub- ct-heading-left item-st-line-left1\">\r\n\t<div class=\"ct-inline-css\"  data-css=\"\r\n        \">\r\n    <\/div>\r\n        <h3 class=\"item--title st-line-left1 case-animate-time\" data-wow-delay=\"ms\">\r\n                <span class=\"sp-main\">\r\n                            <i><\/i>\r\n            \r\n            Mersin\u2019in Suyuna Techno Su Ar\u0131tma \u0130mzas\u0131\r\n            \r\n                    <\/span>\r\n            <\/h3>\r\n<\/div>\t\t\t\t<\/div>\n\t\t\t\t<\/div>\n\t\t\t\t<div class=\"elementor-element elementor-element-cfa86ea elementor-widget elementor-widget-text-editor\" data-id=\"cfa86ea\" data-element_type=\"widget\" data-widget_type=\"text-editor.default\">\n\t\t\t\t\t\t\t\t\t<p data-start=\"215\" data-end=\"686\"><strong data-start=\"215\" data-end=\"235\">Techno Su Ar\u0131tma<\/strong>, Mersin merkezli olarak ev tipi su ar\u0131tma cihazlar\u0131, musluklar ve filtre sistemleri alan\u0131nda hizmet vermektedir. Kuruldu\u011fumuz g\u00fcnden bu yana \u00f6nceli\u011fimiz; sa\u011fl\u0131kl\u0131, g\u00fcvenilir ve kaliteli i\u00e7me suyu sistemlerini her eve ula\u015ft\u0131rmak olmu\u015ftur. Alan\u0131nda uzman ekibimizle, teknolojiyi yak\u0131ndan takip ederek en yeni ve etkili \u00e7\u00f6z\u00fcmleri m\u00fc\u015fterilerimize sunuyoruz. Her b\u00fct\u00e7eye uygun, estetik ve uzun \u00f6m\u00fcrl\u00fc \u00fcr\u00fcnlerimizle ya\u015fam kalitenizi art\u0131rmay\u0131 hedefliyoruz.<\/p><h5 data-start=\"908\" data-end=\"929\"><strong data-start=\"915\" data-end=\"929\">M\u0130SYONUMUZ<\/strong><\/h5><p data-start=\"931\" data-end=\"1183\">M\u00fc\u015fterilerimize en kaliteli su ar\u0131tma sistemlerini en uygun ko\u015fullarda sunmak, sat\u0131\u015f sonras\u0131 teknik destek ve memnuniyet odakl\u0131 hizmet anlay\u0131\u015f\u0131m\u0131zla uzun soluklu \u00e7\u00f6z\u00fcmler \u00fcretmek. Do\u011fay\u0131 koruyan, enerji dostu sistemlerle sa\u011fl\u0131kl\u0131 gelecekler in\u015fa etmek.<\/p>\t\t\t\t\t\t\t\t<\/div>\n\t\t\t\t<\/div>\n\t\t<div class=\"elementor-element elementor-element-0264ec4 e-con-full e-flex e-con e-child\" data-id=\"0264ec4\" data-element_type=\"container\">\n\t\t\t\t<div class=\"elementor-element elementor-element-e6ac3ee elementor-widget elementor-widget-image\" data-id=\"e6ac3ee\" data-element_type=\"widget\" data-widget_type=\"image.default\">\n\t\t\t\t\t\t\t\t\t\t\t\t\t\t\t<img loading=\"lazy\" decoding=\"async\" width=\"558\" height=\"631\" src=\"https:\/\/technosuaritma.com\/wp-content\/uploads\/2019\/12\/about1.png\" class=\"attachment-full size-full wp-image-1877\" alt=\"\" srcset=\"https:\/\/technosuaritma.com\/wp-content\/uploads\/2019\/12\/about1.png 558w, https:\/\/technosuaritma.com\/wp-content\/uploads\/2019\/12\/about1-265x300.png 265w\" sizes=\"(max-width: 558px) 100vw, 558px\" \/>\t\t\t\t\t\t\t\t\t\t\t\t\t\t\t<\/div>\n\t\t\t\t<\/div>\n\t\t\t\t\t<\/div>\n\t\t\t\t<\/div>\n\t\t<div class=\"elementor-element elementor-element-3f8c135 e-flex e-con-boxed e-con e-parent\" data-id=\"3f8c135\" data-element_type=\"container\">\n\t\t\t\t\t<div class=\"e-con-inner\">\n\t\t\t\t<div class=\"elementor-element elementor-element-deba5cd elementor-widget elementor-widget-heading\" data-id=\"deba5cd\" data-element_type=\"widget\" data-widget_type=\"heading.default\">\n\t\t\t\t\t<h2 class=\"elementor-heading-title elementor-size-default\">Hemen Teklif Al, Uygun Fiyatlar \u0130le Tan\u0131\u015f<\/h2>\t\t\t\t<\/div>\n\t\t\t\t\t<\/div>\n\t\t\t\t<\/div>\n\t\t<div class=\"elementor-element elementor-element-88f4c7f e-flex e-con-boxed e-con e-parent\" data-id=\"88f4c7f\" data-element_type=\"container\">\n\t\t\t\t\t<div class=\"e-con-inner\">\n\t\t\t\t<div class=\"elementor-element elementor-element-6f6033a elementor-widget elementor-widget-text-editor\" data-id=\"6f6033a\" data-element_type=\"widget\" data-widget_type=\"text-editor.default\">\n\t\t\t\t\t\t\t\t\t<p>Bize Ula\u015farak Diledi\u011finiz \u00dcr\u00fcn ve Hizmetlerimiz \u0130\u00e7in Uygun Teklifler Alabilir, Filtre Bak\u0131mlar\u0131n\u0131z\u0131 D\u00fczenli Yapabilirsiniz<\/p>\t\t\t\t\t\t\t\t<\/div>\n\t\t\t\t\t<\/div>\n\t\t\t\t<\/div>\n\t\t<div class=\"elementor-element elementor-element-2e9b795 e-flex e-con-boxed e-con e-parent\" data-id=\"2e9b795\" data-element_type=\"container\">\n\t\t\t\t\t<div class=\"e-con-inner\">\n\t\t\t\t<div class=\"elementor-element elementor-element-708afd7 elementor-align-center elementor-widget elementor-widget-ct_button\" data-id=\"708afd7\" data-element_type=\"widget\" data-widget_type=\"ct_button.default\">\n\t\t\t\t<div class=\"elementor-widget-container\">\n\t\t\t\t\t<div id=\"ct_button-708afd7\" class=\"ct-button-wrapper ct-button-layout1 icon-left btn--inline \">\r\n    <div class=\"ct-inline-css\"  data-css=\"\r\n        \">\r\n    <\/div>\r\n            <span class=\"ct-icon-active\"><\/span>\r\n        <a href=\"https:\/\/wa.me\/905422703358\" class=\"btn btn-default icon-active btn-inline-block  \" data-wow-delay=\"ms\">\r\n                            <span class=\"ct-button-icon ct-align-icon-left\">\r\n                <i aria-hidden=\"true\" class=\"material zmdi zmdi-whatsapp\"><\/i>            <\/span>\r\n                <span class=\"ct-button-text\">Teklif Al<\/span>\r\n    <\/a>\r\n<\/div>\t\t\t\t<\/div>\n\t\t\t\t<\/div>\n\t\t\t\t\t<\/div>\n\t\t\t\t<\/div>\n\t\t<div class=\"elementor-element elementor-element-30db7c8 e-flex e-con-boxed e-con e-parent\" data-id=\"30db7c8\" data-element_type=\"container\">\n\t\t\t\t\t<div class=\"e-con-inner\">\n\t\t\t\t<div class=\"elementor-element elementor-element-ef80149 elementor-widget elementor-widget-spacer\" data-id=\"ef80149\" data-element_type=\"widget\" data-widget_type=\"spacer.default\">\n\t\t\t\t\t\t\t<div class=\"elementor-spacer\">\n\t\t\t<div class=\"elementor-spacer-inner\"><\/div>\n\t\t<\/div>\n\t\t\t\t\t\t<\/div>\n\t\t\t\t\t<\/div>\n\t\t\t\t<\/div>\n\t\t\t\t<\/div>\n\t\t","protected":false},"excerpt":{"rendered":"<p>\u00dcst\u00fcn Filtrasyon Kalitesi 5 a\u015famal\u0131 geli\u015fmi\u015f filtrasyon ile %99.9 saf ve lezzetli i\u00e7me suyu. Techno Su Aritma Y\u00fcksek Teknoloji Cihazlar Modern tasar\u0131ml\u0131, enerji dostu ve sessiz \u00e7al\u0131\u015fan cihazlar. Techno Su Aritma H\u0131zl\u0131 ve \u00dccretsiz Kurulum Mersin i\u00e7i ayn\u0131 g\u00fcn \u00fccretsiz teslimat ve kurulum imk\u00e2n\u0131. Techno Su Aritma T\u00fcm \u00dcr\u00fcnlerimiz M\u00fc\u015fterilerimize en kaliteli su ar\u0131tma sistemlerini [&hellip;]<\/p>\n","protected":false},"author":1,"featured_media":0,"parent":0,"menu_order":0,"comment_status":"closed","ping_status":"closed","template":"","meta":{"footnotes":""},"class_list":["post-9","page","type-page","status-publish","hentry"],"_links":{"self":[{"href":"https:\/\/technosuaritma.com\/index.php?rest_route=\/wp\/v2\/pages\/9","targetHints":{"allow":["GET"]}}],"collection":[{"href":"https:\/\/technosuaritma.com\/index.php?rest_route=\/wp\/v2\/pages"}],"about":[{"href":"https:\/\/technosuaritma.com\/index.php?rest_route=\/wp\/v2\/types\/page"}],"author":[{"embeddable":true,"href":"https:\/\/technosuaritma.com\/index.php?rest_route=\/wp\/v2\/users\/1"}],"replies":[{"embeddable":true,"href":"https:\/\/technosuaritma.com\/index.php?rest_route=%2Fwp%2Fv2%2Fcomments&post=9"}],"version-history":[{"count":79,"href":"https:\/\/technosuaritma.com\/index.php?rest_route=\/wp\/v2\/pages\/9\/revisions"}],"predecessor-version":[{"id":4617,"href":"https:\/\/technosuaritma.com\/index.php?rest_route=\/wp\/v2\/pages\/9\/revisions\/4617"}],"wp:attachment":[{"href":"https:\/\/technosuaritma.com\/index.php?rest_route=%2Fwp%2Fv2%2Fmedia&parent=9"}],"curies":[{"name":"wp","href":"https:\/\/api.w.org\/{rel}","templated":true}]}}