{"id":4512,"date":"2025-07-15T15:21:45","date_gmt":"2025-07-15T15:21:45","guid":{"rendered":"https:\/\/technosuaritma.com\/?page_id=4512"},"modified":"2025-07-15T15:48:08","modified_gmt":"2025-07-15T15:48:08","slug":"eviniz-icin","status":"publish","type":"page","link":"https:\/\/technosuaritma.com\/?page_id=4512","title":{"rendered":"Eviniz \u0130\u00e7in"},"content":{"rendered":"\t\t<div data-elementor-type=\"wp-page\" data-elementor-id=\"4512\" class=\"elementor elementor-4512\">\n\t\t\t\t        <section class=\"elementor-section elementor-top-section elementor-element elementor-element-7ef66b82 elementor-section-boxed elementor-section-height-default elementor-section-height-default ct-header-fixed-none ct-row-max-none\" data-id=\"7ef66b82\" data-element_type=\"section\">\n            \n                        <div class=\"elementor-container elementor-column-gap-extended \">\n                    <div class=\"elementor-column elementor-col-100 elementor-top-column elementor-element elementor-element-4112df1e\" data-id=\"4112df1e\" data-element_type=\"column\">\n        <div class=\"elementor-widget-wrap\">\n                    \n                    <\/div>\n        <\/div>\n                    <\/div>\n        <\/section>\n        <div class=\"elementor-element elementor-element-aab2987 e-flex e-con-boxed e-con e-parent\" data-id=\"aab2987\" data-element_type=\"container\">\n\t\t\t\t\t<div class=\"e-con-inner\">\n\t\t<div class=\"elementor-element elementor-element-a6a4963 e-con-full e-flex e-con e-child\" data-id=\"a6a4963\" data-element_type=\"container\">\n\t\t\t\t<div class=\"elementor-element elementor-element-5441cf1 elementor-widget elementor-widget-image\" data-id=\"5441cf1\" data-element_type=\"widget\" data-widget_type=\"image.default\">\n\t\t\t\t\t\t\t\t\t\t\t\t\t\t\t<img fetchpriority=\"high\" decoding=\"async\" width=\"640\" height=\"640\" src=\"https:\/\/technosuaritma.com\/wp-content\/uploads\/2025\/07\/PRADA-JUNIOR-1-900x900-1-1.webp\" class=\"attachment-large size-large wp-image-4518\" alt=\"\" srcset=\"https:\/\/technosuaritma.com\/wp-content\/uploads\/2025\/07\/PRADA-JUNIOR-1-900x900-1-1.webp 900w, https:\/\/technosuaritma.com\/wp-content\/uploads\/2025\/07\/PRADA-JUNIOR-1-900x900-1-1-300x300.webp 300w, https:\/\/technosuaritma.com\/wp-content\/uploads\/2025\/07\/PRADA-JUNIOR-1-900x900-1-1-150x150.webp 150w, https:\/\/technosuaritma.com\/wp-content\/uploads\/2025\/07\/PRADA-JUNIOR-1-900x900-1-1-768x768.webp 768w, https:\/\/technosuaritma.com\/wp-content\/uploads\/2025\/07\/PRADA-JUNIOR-1-900x900-1-1-600x600.webp 600w\" sizes=\"(max-width: 640px) 100vw, 640px\" \/>\t\t\t\t\t\t\t\t\t\t\t\t\t\t\t<\/div>\n\t\t\t\t<div class=\"elementor-element elementor-element-a625027 elementor-widget elementor-widget-text-editor\" data-id=\"a625027\" data-element_type=\"widget\" data-widget_type=\"text-editor.default\">\n\t\t\t\t\t\t\t\t\t<p class=\"woocommerce-loop-product__title\"><b>Prada Su Ar\u0131tma Cihazlar\u0131<\/b><\/p><h5><span class=\"price\"><span class=\"woocommerce-Price-amount amount\"><bdi><span class=\"woocommerce-Price-currencySymbol\">\u20ba<\/span>18.000<\/bdi><\/span><\/span><\/h5>\t\t\t\t\t\t\t\t<\/div>\n\t\t\t\t<\/div>\n\t\t<div class=\"elementor-element elementor-element-e25491d e-con-full e-flex e-con e-child\" data-id=\"e25491d\" data-element_type=\"container\">\n\t\t\t\t<div class=\"elementor-element elementor-element-1139f8f elementor-widget elementor-widget-image\" data-id=\"1139f8f\" data-element_type=\"widget\" data-widget_type=\"image.default\">\n\t\t\t\t\t\t\t\t\t\t\t\t\t\t\t<img decoding=\"async\" width=\"640\" height=\"640\" src=\"https:\/\/technosuaritma.com\/wp-content\/uploads\/2025\/07\/sdsvb.png\" class=\"attachment-large size-large wp-image-4520\" alt=\"\" srcset=\"https:\/\/technosuaritma.com\/wp-content\/uploads\/2025\/07\/sdsvb.png 900w, https:\/\/technosuaritma.com\/wp-content\/uploads\/2025\/07\/sdsvb-300x300.png 300w, https:\/\/technosuaritma.com\/wp-content\/uploads\/2025\/07\/sdsvb-150x150.png 150w, https:\/\/technosuaritma.com\/wp-content\/uploads\/2025\/07\/sdsvb-768x768.png 768w, https:\/\/technosuaritma.com\/wp-content\/uploads\/2025\/07\/sdsvb-600x600.png 600w\" sizes=\"(max-width: 640px) 100vw, 640px\" \/>\t\t\t\t\t\t\t\t\t\t\t\t\t\t\t<\/div>\n\t\t\t\t<div class=\"elementor-element elementor-element-3912356 elementor-widget elementor-widget-text-editor\" data-id=\"3912356\" data-element_type=\"widget\" data-widget_type=\"text-editor.default\">\n\t\t\t\t\t\t\t\t\t<p class=\"woocommerce-loop-product__title\"><b>NSF Sertifikal\u0131 Su Ar\u0131tma Cihaz\u0131<\/b><\/p><h5><span class=\"price\"><span class=\"woocommerce-Price-amount amount\"><bdi><span class=\"woocommerce-Price-currencySymbol\">\u20ba12<\/span>.000<\/bdi><\/span><\/span><\/h5>\t\t\t\t\t\t\t\t<\/div>\n\t\t\t\t<\/div>\n\t\t\t\t\t<\/div>\n\t\t\t\t<\/div>\n\t\t<div class=\"elementor-element elementor-element-ffba292 e-flex e-con-boxed e-con e-parent\" data-id=\"ffba292\" data-element_type=\"container\">\n\t\t\t\t\t<div class=\"e-con-inner\">\n\t\t<div class=\"elementor-element elementor-element-4293746 e-con-full e-flex e-con e-child\" data-id=\"4293746\" data-element_type=\"container\">\n\t\t\t\t<div class=\"elementor-element elementor-element-04e5337 elementor-widget elementor-widget-image\" data-id=\"04e5337\" data-element_type=\"widget\" data-widget_type=\"image.default\">\n\t\t\t\t\t\t\t\t\t\t\t\t\t\t\t<img decoding=\"async\" width=\"640\" height=\"640\" src=\"https:\/\/technosuaritma.com\/wp-content\/uploads\/2025\/07\/dskdjks.png\" class=\"attachment-large size-large wp-image-4528\" alt=\"\" srcset=\"https:\/\/technosuaritma.com\/wp-content\/uploads\/2025\/07\/dskdjks.png 900w, https:\/\/technosuaritma.com\/wp-content\/uploads\/2025\/07\/dskdjks-300x300.png 300w, https:\/\/technosuaritma.com\/wp-content\/uploads\/2025\/07\/dskdjks-150x150.png 150w, https:\/\/technosuaritma.com\/wp-content\/uploads\/2025\/07\/dskdjks-768x768.png 768w, https:\/\/technosuaritma.com\/wp-content\/uploads\/2025\/07\/dskdjks-600x600.png 600w\" sizes=\"(max-width: 640px) 100vw, 640px\" \/>\t\t\t\t\t\t\t\t\t\t\t\t\t\t\t<\/div>\n\t\t\t\t<div class=\"elementor-element elementor-element-45dfe80 elementor-widget elementor-widget-text-editor\" data-id=\"45dfe80\" data-element_type=\"widget\" data-widget_type=\"text-editor.default\">\n\t\t\t\t\t\t\t\t\t<p class=\"woocommerce-loop-product__title\"><b>Roben Slim Su Ar\u0131tma Cihazlar\u0131<\/b><\/p><h5><span class=\"price\"><span class=\"woocommerce-Price-amount amount\"><bdi><span class=\"woocommerce-Price-currencySymbol\">\u20ba25<\/span>.000<\/bdi><\/span><\/span><\/h5>\t\t\t\t\t\t\t\t<\/div>\n\t\t\t\t<\/div>\n\t\t<div class=\"elementor-element elementor-element-6dc1045 e-con-full e-flex e-con e-child\" data-id=\"6dc1045\" data-element_type=\"container\">\n\t\t\t\t<div class=\"elementor-element elementor-element-ddd1b9e elementor-widget elementor-widget-image\" data-id=\"ddd1b9e\" data-element_type=\"widget\" data-widget_type=\"image.default\">\n\t\t\t\t\t\t\t\t\t\t\t\t\t\t\t<img loading=\"lazy\" decoding=\"async\" width=\"640\" height=\"640\" src=\"https:\/\/technosuaritma.com\/wp-content\/uploads\/2025\/07\/skdshkd.png\" class=\"attachment-large size-large wp-image-4524\" alt=\"\" srcset=\"https:\/\/technosuaritma.com\/wp-content\/uploads\/2025\/07\/skdshkd.png 900w, https:\/\/technosuaritma.com\/wp-content\/uploads\/2025\/07\/skdshkd-300x300.png 300w, https:\/\/technosuaritma.com\/wp-content\/uploads\/2025\/07\/skdshkd-150x150.png 150w, https:\/\/technosuaritma.com\/wp-content\/uploads\/2025\/07\/skdshkd-768x768.png 768w, https:\/\/technosuaritma.com\/wp-content\/uploads\/2025\/07\/skdshkd-600x600.png 600w\" sizes=\"(max-width: 640px) 100vw, 640px\" \/>\t\t\t\t\t\t\t\t\t\t\t\t\t\t\t<\/div>\n\t\t\t\t<div class=\"elementor-element elementor-element-45e40fe elementor-widget elementor-widget-text-editor\" data-id=\"45e40fe\" data-element_type=\"widget\" data-widget_type=\"text-editor.default\">\n\t\t\t\t\t\t\t\t\t<p class=\"woocommerce-loop-product__title\"><b>Factory Su Ar\u0131tma Cihaz\u0131<\/b><\/p><h5><span class=\"price\"><span class=\"woocommerce-Price-amount amount\"><bdi><span class=\"woocommerce-Price-currencySymbol\">\u20ba14<\/span>.000<\/bdi><\/span><\/span><\/h5>\t\t\t\t\t\t\t\t<\/div>\n\t\t\t\t<\/div>\n\t\t\t\t\t<\/div>\n\t\t\t\t<\/div>\n\t\t<div class=\"elementor-element elementor-element-c5e3d18 e-flex e-con-boxed e-con e-parent\" data-id=\"c5e3d18\" data-element_type=\"container\">\n\t\t\t\t\t<div class=\"e-con-inner\">\n\t\t<div class=\"elementor-element elementor-element-36b0b64 e-con-full e-flex e-con e-child\" data-id=\"36b0b64\" data-element_type=\"container\">\n\t\t\t\t<div class=\"elementor-element elementor-element-24cae5a elementor-widget elementor-widget-image\" data-id=\"24cae5a\" data-element_type=\"widget\" data-widget_type=\"image.default\">\n\t\t\t\t\t\t\t\t\t\t\t\t\t\t\t<img loading=\"lazy\" decoding=\"async\" width=\"640\" height=\"640\" src=\"https:\/\/technosuaritma.com\/wp-content\/uploads\/2025\/07\/WhatsApp-Image-2025-07-15-at-18.37.07-1024x1024.jpeg\" class=\"attachment-large size-large wp-image-4532\" alt=\"\" srcset=\"https:\/\/technosuaritma.com\/wp-content\/uploads\/2025\/07\/WhatsApp-Image-2025-07-15-at-18.37.07-1024x1024.jpeg 1024w, https:\/\/technosuaritma.com\/wp-content\/uploads\/2025\/07\/WhatsApp-Image-2025-07-15-at-18.37.07-300x300.jpeg 300w, https:\/\/technosuaritma.com\/wp-content\/uploads\/2025\/07\/WhatsApp-Image-2025-07-15-at-18.37.07-150x150.jpeg 150w, https:\/\/technosuaritma.com\/wp-content\/uploads\/2025\/07\/WhatsApp-Image-2025-07-15-at-18.37.07-768x768.jpeg 768w, https:\/\/technosuaritma.com\/wp-content\/uploads\/2025\/07\/WhatsApp-Image-2025-07-15-at-18.37.07-600x600.jpeg 600w, https:\/\/technosuaritma.com\/wp-content\/uploads\/2025\/07\/WhatsApp-Image-2025-07-15-at-18.37.07.jpeg 1080w\" sizes=\"(max-width: 640px) 100vw, 640px\" \/>\t\t\t\t\t\t\t\t\t\t\t\t\t\t\t<\/div>\n\t\t\t\t<div class=\"elementor-element elementor-element-09b3da3 elementor-widget elementor-widget-text-editor\" data-id=\"09b3da3\" data-element_type=\"widget\" data-widget_type=\"text-editor.default\">\n\t\t\t\t\t\t\t\t\t<p class=\"woocommerce-loop-product__title\"><b>Elips Su Ar\u0131tma Cihaz\u0131<\/b><\/p><h5><span class=\"price\"><span class=\"woocommerce-Price-amount amount\"><bdi><span class=\"woocommerce-Price-currencySymbol\">\u20ba10<\/span>.000<\/bdi><\/span><\/span><\/h5>\t\t\t\t\t\t\t\t<\/div>\n\t\t\t\t<\/div>\n\t\t<div class=\"elementor-element elementor-element-f938331 e-con-full e-flex e-con e-child\" data-id=\"f938331\" data-element_type=\"container\">\n\t\t\t\t<\/div>\n\t\t\t\t\t<\/div>\n\t\t\t\t<\/div>\n\t\t\t\t<\/div>\n\t\t","protected":false},"excerpt":{"rendered":"<p>Prada Su Ar\u0131tma Cihazlar\u0131 \u20ba18.000 NSF Sertifikal\u0131 Su Ar\u0131tma Cihaz\u0131 \u20ba12.000 Roben Slim Su Ar\u0131tma Cihazlar\u0131 \u20ba25.000 Factory Su Ar\u0131tma Cihaz\u0131 \u20ba14.000 Elips Su Ar\u0131tma Cihaz\u0131 \u20ba10.000<\/p>\n","protected":false},"author":1,"featured_media":0,"parent":0,"menu_order":0,"comment_status":"closed","ping_status":"closed","template":"","meta":{"footnotes":""},"class_list":["post-4512","page","type-page","status-publish","hentry"],"_links":{"self":[{"href":"https:\/\/technosuaritma.com\/index.php?rest_route=\/wp\/v2\/pages\/4512","targetHints":{"allow":["GET"]}}],"collection":[{"href":"https:\/\/technosuaritma.com\/index.php?rest_route=\/wp\/v2\/pages"}],"about":[{"href":"https:\/\/technosuaritma.com\/index.php?rest_route=\/wp\/v2\/types\/page"}],"author":[{"embeddable":true,"href":"https:\/\/technosuaritma.com\/index.php?rest_route=\/wp\/v2\/users\/1"}],"replies":[{"embeddable":true,"href":"https:\/\/technosuaritma.com\/index.php?rest_route=%2Fwp%2Fv2%2Fcomments&post=4512"}],"version-history":[{"count":19,"href":"https:\/\/technosuaritma.com\/index.php?rest_route=\/wp\/v2\/pages\/4512\/revisions"}],"predecessor-version":[{"id":4541,"href":"https:\/\/technosuaritma.com\/index.php?rest_route=\/wp\/v2\/pages\/4512\/revisions\/4541"}],"wp:attachment":[{"href":"https:\/\/technosuaritma.com\/index.php?rest_route=%2Fwp%2Fv2%2Fmedia&parent=4512"}],"curies":[{"name":"wp","href":"https:\/\/api.w.org\/{rel}","templated":true}]}}