{"id":26,"date":"2019-10-30T08:04:23","date_gmt":"2019-10-30T08:04:23","guid":{"rendered":"https:\/\/demo.casethemes.net\/consultio-insurance\/?page_id=26"},"modified":"2025-07-15T16:11:20","modified_gmt":"2025-07-15T16:11:20","slug":"about","status":"publish","type":"page","link":"https:\/\/technosuaritma.com\/?page_id=26","title":{"rendered":"Hakk\u0131m\u0131zda"},"content":{"rendered":"\t\t<div data-elementor-type=\"wp-page\" data-elementor-id=\"26\" class=\"elementor elementor-26\">\n\t\t\t\t        <section class=\"elementor-section elementor-top-section elementor-element elementor-element-bf4d915 elementor-section-boxed elementor-section-height-default elementor-section-height-default ct-header-fixed-none ct-row-max-none\" data-id=\"bf4d915\" data-element_type=\"section\">\n            \n                        <div class=\"elementor-container elementor-column-gap-extended \">\n                    <div class=\"elementor-column elementor-col-50 elementor-top-column elementor-element elementor-element-5282614\" data-id=\"5282614\" data-element_type=\"column\">\n        <div class=\"elementor-widget-wrap elementor-element-populated\">\n                    \n        \t\t<div class=\"elementor-element elementor-element-9d091b6 elementor-widget elementor-widget-ct_heading\" data-id=\"9d091b6\" data-element_type=\"widget\" data-widget_type=\"ct_heading.default\">\n\t\t\t\t<div class=\"elementor-widget-container\">\n\t\t\t\t\t<div id=\"ct_heading-9d091b6\" class=\"ct-heading h-align- sub- ct-heading-left item-st-line-left1\">\r\n\t<div class=\"ct-inline-css\"  data-css=\"\r\n        \">\r\n    <\/div>\r\n        <h3 class=\"item--title st-line-left1 case-animate-time\" data-wow-delay=\"ms\">\r\n                <span class=\"sp-main\">\r\n                            <i><\/i>\r\n            \r\n            Mersin\u2019in Suyuna Techno Su Ar\u0131tma \u0130mzas\u0131\r\n            \r\n                    <\/span>\r\n            <\/h3>\r\n<\/div>\t\t\t\t<\/div>\n\t\t\t\t<\/div>\n\t\t        <section class=\"elementor-section elementor-inner-section elementor-element elementor-element-6b326e2 elementor-section-boxed elementor-section-height-default elementor-section-height-default ct-header-fixed-none ct-row-max-none\" data-id=\"6b326e2\" data-element_type=\"section\">\n            \n                        <div class=\"elementor-container elementor-column-gap-extended \">\n                    <div class=\"elementor-column elementor-col-100 elementor-inner-column elementor-element elementor-element-71555f1\" data-id=\"71555f1\" data-element_type=\"column\">\n        <div class=\"elementor-widget-wrap elementor-element-populated\">\n                    \n        \t\t<div class=\"elementor-element elementor-element-176c3a2 elementor-widget elementor-widget-text-editor\" data-id=\"176c3a2\" data-element_type=\"widget\" data-widget_type=\"text-editor.default\">\n\t\t\t\t\t\t\t\t\t<h5 data-start=\"192\" data-end=\"213\">\ud83d\udccc <strong data-start=\"199\" data-end=\"213\">HAKKIMIZDA<\/strong><\/h5><p data-start=\"215\" data-end=\"686\"><strong data-start=\"215\" data-end=\"235\">Techno Su Ar\u0131tma<\/strong>, Mersin merkezli olarak ev tipi su ar\u0131tma cihazlar\u0131, musluklar ve filtre sistemleri alan\u0131nda hizmet vermektedir. Kuruldu\u011fumuz g\u00fcnden bu yana \u00f6nceli\u011fimiz; sa\u011fl\u0131kl\u0131, g\u00fcvenilir ve kaliteli i\u00e7me suyu sistemlerini her eve ula\u015ft\u0131rmak olmu\u015ftur. Alan\u0131nda uzman ekibimizle, teknolojiyi yak\u0131ndan takip ederek en yeni ve etkili \u00e7\u00f6z\u00fcmleri m\u00fc\u015fterilerimize sunuyoruz. Her b\u00fct\u00e7eye uygun, estetik ve uzun \u00f6m\u00fcrl\u00fc \u00fcr\u00fcnlerimizle ya\u015fam kalitenizi art\u0131rmay\u0131 hedefliyoruz.<\/p><hr data-start=\"688\" data-end=\"691\" \/><h5 data-start=\"693\" data-end=\"714\">\ud83c\udfaf <strong data-start=\"700\" data-end=\"714\">V\u0130ZYONUMUZ<\/strong><\/h5><p data-start=\"716\" data-end=\"901\">Su ar\u0131tma teknolojilerinde lider marka olarak T\u00fcrkiye genelinde g\u00fcvenilir, s\u00fcrd\u00fcr\u00fclebilir ve yenilik\u00e7i \u00e7\u00f6z\u00fcmler sunmak; her evde temiz ve sa\u011fl\u0131kl\u0131 su kullan\u0131m\u0131n\u0131 standart hale getirmek.<\/p><hr data-start=\"903\" data-end=\"906\" \/><h5 data-start=\"908\" data-end=\"929\">\ud83e\udd1d <strong data-start=\"915\" data-end=\"929\">M\u0130SYONUMUZ<\/strong><\/h5><p data-start=\"931\" data-end=\"1183\">M\u00fc\u015fterilerimize en kaliteli su ar\u0131tma sistemlerini en uygun ko\u015fullarda sunmak, sat\u0131\u015f sonras\u0131 teknik destek ve memnuniyet odakl\u0131 hizmet anlay\u0131\u015f\u0131m\u0131zla uzun soluklu \u00e7\u00f6z\u00fcmler \u00fcretmek. Do\u011fay\u0131 koruyan, enerji dostu sistemlerle sa\u011fl\u0131kl\u0131 gelecekler in\u015fa etmek.<\/p>\t\t\t\t\t\t\t\t<\/div>\n\t\t            <\/div>\n        <\/div>\n                    <\/div>\n        <\/section>\n                    <\/div>\n        <\/div>\n                <div class=\"elementor-column elementor-col-50 elementor-top-column elementor-element elementor-element-07e4861\" data-id=\"07e4861\" data-element_type=\"column\">\n        <div class=\"elementor-widget-wrap elementor-element-populated\">\n                    \n        \t\t<div class=\"elementor-element elementor-element-1548748 elementor-widget elementor-widget-image\" data-id=\"1548748\" data-element_type=\"widget\" data-widget_type=\"image.default\">\n\t\t\t\t\t\t\t\t\t\t\t\t\t\t\t<img fetchpriority=\"high\" decoding=\"async\" width=\"558\" height=\"631\" src=\"https:\/\/technosuaritma.com\/wp-content\/uploads\/2019\/12\/about1.png\" class=\"attachment-full size-full wp-image-1877\" alt=\"\" srcset=\"https:\/\/technosuaritma.com\/wp-content\/uploads\/2019\/12\/about1.png 558w, https:\/\/technosuaritma.com\/wp-content\/uploads\/2019\/12\/about1-265x300.png 265w\" sizes=\"(max-width: 558px) 100vw, 558px\" \/>\t\t\t\t\t\t\t\t\t\t\t\t\t\t\t<\/div>\n\t\t            <\/div>\n        <\/div>\n                    <\/div>\n        <\/section>\n        \t\t<\/div>\n\t\t","protected":false},"excerpt":{"rendered":"<p>Mersin\u2019in Suyuna Techno Su Ar\u0131tma \u0130mzas\u0131 &#x1f4cc; HAKKIMIZDA Techno Su Ar\u0131tma, Mersin merkezli olarak ev tipi su ar\u0131tma cihazlar\u0131, musluklar ve filtre sistemleri alan\u0131nda hizmet vermektedir. Kuruldu\u011fumuz g\u00fcnden bu yana \u00f6nceli\u011fimiz; sa\u011fl\u0131kl\u0131, g\u00fcvenilir ve kaliteli i\u00e7me suyu sistemlerini her eve ula\u015ft\u0131rmak olmu\u015ftur. Alan\u0131nda uzman ekibimizle, teknolojiyi yak\u0131ndan takip ederek en yeni ve etkili \u00e7\u00f6z\u00fcmleri m\u00fc\u015fterilerimize [&hellip;]<\/p>\n","protected":false},"author":1,"featured_media":0,"parent":0,"menu_order":0,"comment_status":"closed","ping_status":"closed","template":"","meta":{"footnotes":""},"class_list":["post-26","page","type-page","status-publish","hentry"],"_links":{"self":[{"href":"https:\/\/technosuaritma.com\/index.php?rest_route=\/wp\/v2\/pages\/26","targetHints":{"allow":["GET"]}}],"collection":[{"href":"https:\/\/technosuaritma.com\/index.php?rest_route=\/wp\/v2\/pages"}],"about":[{"href":"https:\/\/technosuaritma.com\/index.php?rest_route=\/wp\/v2\/types\/page"}],"author":[{"embeddable":true,"href":"https:\/\/technosuaritma.com\/index.php?rest_route=\/wp\/v2\/users\/1"}],"replies":[{"embeddable":true,"href":"https:\/\/technosuaritma.com\/index.php?rest_route=%2Fwp%2Fv2%2Fcomments&post=26"}],"version-history":[{"count":4,"href":"https:\/\/technosuaritma.com\/index.php?rest_route=\/wp\/v2\/pages\/26\/revisions"}],"predecessor-version":[{"id":4577,"href":"https:\/\/technosuaritma.com\/index.php?rest_route=\/wp\/v2\/pages\/26\/revisions\/4577"}],"wp:attachment":[{"href":"https:\/\/technosuaritma.com\/index.php?rest_route=%2Fwp%2Fv2%2Fmedia&parent=26"}],"curies":[{"name":"wp","href":"https:\/\/api.w.org\/{rel}","templated":true}]}}